{"id":10550,"date":"2017-08-23T23:49:47","date_gmt":"2017-08-23T21:49:47","guid":{"rendered":"http:\/\/santpedor.net\/radio\/?page_id=10550"},"modified":"2021-02-03T21:13:59","modified_gmt":"2021-02-03T20:13:59","slug":"vull-informar-duna-noticia","status":"publish","type":"page","link":"https:\/\/santpedor.net\/radio\/vull-informar-duna-noticia\/","title":{"rendered":"Vull informar d&#8217;una not\u00edcia"},"content":{"rendered":"<p>Omple el formulari seg\u00fcent o b\u00e9 envia un correu electr\u00f2nic a l&#8217;adre\u00e7a <a href=\"mailto:rsantpedorssii@gmail.com\">rsantpedorssii@gmail.com<\/a><\/p>\n<p><iframe loading=\"lazy\" src=\"https:\/\/docs.google.com\/forms\/d\/e\/1FAIpQLScqTEZ9Gja9-AGMzsc3s02ej4gr5s5L3RdW3V1KvjBQyP2PSQ\/viewform?embedded=true\" marginwidth=\"0\" marginheight=\"0\" width=\"640\" height=\"1200\" frameborder=\"0\">S&#8217;est\u00e0 carregant\u2026<\/iframe><\/p>\n","protected":false},"excerpt":{"rendered":"<p>Omple el formulari seg\u00fcent o b\u00e9 envia un correu electr\u00f2nic a l&#8217;adre\u00e7a rsantpedorssii@gmail.com S&#8217;est\u00e0 carregant\u2026<\/p>\n","protected":false},"author":1,"featured_media":0,"parent":0,"menu_order":0,"comment_status":"closed","ping_status":"closed","template":"","meta":{"footnotes":""},"class_list":["post-10550","page","type-page","status-publish"],"_links":{"self":[{"href":"https:\/\/santpedor.net\/radio\/wp-json\/wp\/v2\/pages\/10550","targetHints":{"allow":["GET"]}}],"collection":[{"href":"https:\/\/santpedor.net\/radio\/wp-json\/wp\/v2\/pages"}],"about":[{"href":"https:\/\/santpedor.net\/radio\/wp-json\/wp\/v2\/types\/page"}],"author":[{"embeddable":true,"href":"https:\/\/santpedor.net\/radio\/wp-json\/wp\/v2\/users\/1"}],"replies":[{"embeddable":true,"href":"https:\/\/santpedor.net\/radio\/wp-json\/wp\/v2\/comments?post=10550"}],"version-history":[{"count":0,"href":"https:\/\/santpedor.net\/radio\/wp-json\/wp\/v2\/pages\/10550\/revisions"}],"wp:attachment":[{"href":"https:\/\/santpedor.net\/radio\/wp-json\/wp\/v2\/media?parent=10550"}],"curies":[{"name":"wp","href":"https:\/\/api.w.org\/{rel}","templated":true}]}}