{"id":10553,"date":"2017-08-24T00:12:26","date_gmt":"2017-08-23T22:12:26","guid":{"rendered":"http:\/\/santpedor.net\/radio\/?page_id=10553"},"modified":"2021-02-03T21:16:33","modified_gmt":"2021-02-03T20:16:33","slug":"vull-informar-dun-acte-o-esdeveniment","status":"publish","type":"page","link":"https:\/\/santpedor.net\/radio\/vull-informar-dun-acte-o-esdeveniment\/","title":{"rendered":"Vull informar d&#8217;una activitat o esdeveniment"},"content":{"rendered":"<p>Podeu omplir el formulari seg\u00fcent o b\u00e9 enviar un correu electr\u00f2nic a <a href=\"mailto:rsantpedorssii@gmail.com\">rsantpedorssii@gmail.com<\/a>.<\/p>\n<p>Si voleu que l&#8217;esdeveniment s&#8217;inclogui a l&#8217;agenda cultural que es reparteix cada dos mesos, us suggerim que tamb\u00e9 us poseu en contacte amb l&#8217;<a href=\"http:\/\/santpedor.cat\">Ajuntament<\/a>.<\/p>\n<p><iframe loading=\"lazy\" src=\"https:\/\/docs.google.com\/forms\/d\/e\/1FAIpQLSc6g4mI2qQnxDMIJTCR8MscQWIOq9KumrqHfuUXXcTZ7_6ESw\/viewform?embedded=true\" marginwidth=\"0\" marginheight=\"0\" width=\"640\" height=\"1300\" frameborder=\"0\">S&#8217;est\u00e0 carregant\u2026<\/iframe><\/p>\n","protected":false},"excerpt":{"rendered":"<p>Podeu omplir el formulari seg\u00fcent o b\u00e9 enviar un correu electr\u00f2nic a rsantpedorssii@gmail.com. Si voleu que l&#8217;esdeveniment s&#8217;inclogui a l&#8217;agenda cultural que es reparteix cada dos mesos, us suggerim que tamb\u00e9 us poseu en contacte amb l&#8217;Ajuntament. S&#8217;est\u00e0 carregant\u2026<\/p>\n","protected":false},"author":1,"featured_media":0,"parent":0,"menu_order":0,"comment_status":"closed","ping_status":"closed","template":"","meta":{"footnotes":""},"class_list":["post-10553","page","type-page","status-publish"],"_links":{"self":[{"href":"https:\/\/santpedor.net\/radio\/wp-json\/wp\/v2\/pages\/10553","targetHints":{"allow":["GET"]}}],"collection":[{"href":"https:\/\/santpedor.net\/radio\/wp-json\/wp\/v2\/pages"}],"about":[{"href":"https:\/\/santpedor.net\/radio\/wp-json\/wp\/v2\/types\/page"}],"author":[{"embeddable":true,"href":"https:\/\/santpedor.net\/radio\/wp-json\/wp\/v2\/users\/1"}],"replies":[{"embeddable":true,"href":"https:\/\/santpedor.net\/radio\/wp-json\/wp\/v2\/comments?post=10553"}],"version-history":[{"count":0,"href":"https:\/\/santpedor.net\/radio\/wp-json\/wp\/v2\/pages\/10553\/revisions"}],"wp:attachment":[{"href":"https:\/\/santpedor.net\/radio\/wp-json\/wp\/v2\/media?parent=10553"}],"curies":[{"name":"wp","href":"https:\/\/api.w.org\/{rel}","templated":true}]}}