{"id":106,"date":"2013-12-20T13:58:18","date_gmt":"2013-12-20T12:58:18","guid":{"rendered":"http:\/\/radio.santpedor.net\/wp\/?page_id=106"},"modified":"2022-12-01T14:11:37","modified_gmt":"2022-12-01T13:11:37","slug":"musica","status":"publish","type":"page","link":"https:\/\/santpedor.net\/radio\/musica\/","title":{"rendered":"F\u00f3rmules musicals de R\u00e0dio Santpedor"},"content":{"rendered":"<table class=\"formules\">\n<tr>\n<td><img decoding=\"async\" src=\"https:\/\/santpedor.net\/img\/programa_logo_formula_ona_bages.jpg\" alt=\"F\u00f3rmules - F\u00f3rmula Ona Bages\" \/><\/td>\n<td><strong>F\u00f3rmula Ona Bages<\/strong> \u00e9s una selecci\u00f3 musical de diversos estils ideada com a fil musical. Per una banda hi ha una selecci\u00f3 de m\u00fasica generalista i \u00e8xits de tots els temps <em>adult contemporary<\/em>. Tamb\u00e9 compta amb una part de m\u00fasica catalana recent i una selecci\u00f3 de m\u00fasica m\u00e9s actual. Tot plegat, amb c\u00e0psules d&#8217;informaci\u00f3 de Santpedor, agenda (a c\u00e0rrec de Leandre Guit\u00f3), la previsi\u00f3 meteorol\u00f2gica del dia (a c\u00e0rrec de David Comas), esports i molt m\u00e9s.<\/td>\n<\/tr>\n<\/table>\n<table class=\"formules\">\n<tr>\n<td><img decoding=\"async\" src=\"https:\/\/santpedor.net\/img\/programa_logo_dance90.png\" alt=\"F\u00f3rmules - Dance90\" \/><\/td>\n<td><strong>Dance90<\/strong> \u00e9s una recopilaci\u00f3 dels grans \u00e8xits de la m\u00fasica <em>dance<\/em> de diversos estils i de tots els temps. Hi escoltareu \u00e8xits dels anys 90 i dels m\u00e9s actuals. Des de les produccions m\u00e9s comercials de David Guetta, Inna, R.I.O, passant per Bob Sinclair fins a Rihanna, Pitbull o Beyonc\u00e9. Una f\u00f3rmula ideada per posar el contrapunt a la <strong>f\u00f3rmula Ona Bages<\/strong> les nits de dilluns a divendres. Dance90 \u00e9s una f\u00f3rmula jove, alegre i desenfadada, ideal per desconnectar del dia a dia.<\/td>\n<\/tr>\n<\/table>\n<table class=\"formules\">\n<tr>\n<td><img decoding=\"async\" src=\"https:\/\/santpedor.net\/img\/programa_logo_elektro90.png\" alt=\"F\u00f3rmules - Elektro90\" \/><\/td>\n<td><strong>Elektro90<\/strong> \u00e9s la f\u00f3rmula musical per les nits del cap de setmana. Una selecci\u00f3 de m\u00fasica electr\u00f2nica per comen\u00e7ar la festa des de casa. Hem recopilat amb cura la m\u00fasica dels estils m\u00e9s diversos com ara progressiu, <em>house<\/em>, tecno, <em>minimal<\/em> i electro. Hi podreu escoltar els grans \u00e8xits de la m\u00fasica electr\u00f2nica de tots els temps i tamb\u00e9 aquells que donen personalitat a la f\u00f3rmula. <strong>Elektro90<\/strong> t\u00e9 l&#8217;objectiu de ser la protagonista de la matinada de dissabtes i diumenges.<\/td>\n<\/tr>\n<\/table>\n","protected":false},"excerpt":{"rendered":"<p>F\u00f3rmula Ona Bages \u00e9s una selecci\u00f3 musical de diversos estils ideada com a fil musical. Per una banda hi ha una selecci\u00f3 de m\u00fasica generalista i \u00e8xits de tots els temps adult contemporary. Tamb\u00e9 compta amb una part de m\u00fasica catalana recent i una selecci\u00f3 de m\u00fasica m\u00e9s actual. Tot plegat, amb c\u00e0psules d&#8217;informaci\u00f3 de [&hellip;]<\/p>\n","protected":false},"author":1,"featured_media":0,"parent":0,"menu_order":0,"comment_status":"closed","ping_status":"closed","template":"","meta":{"footnotes":""},"class_list":["post-106","page","type-page","status-publish"],"_links":{"self":[{"href":"https:\/\/santpedor.net\/radio\/wp-json\/wp\/v2\/pages\/106","targetHints":{"allow":["GET"]}}],"collection":[{"href":"https:\/\/santpedor.net\/radio\/wp-json\/wp\/v2\/pages"}],"about":[{"href":"https:\/\/santpedor.net\/radio\/wp-json\/wp\/v2\/types\/page"}],"author":[{"embeddable":true,"href":"https:\/\/santpedor.net\/radio\/wp-json\/wp\/v2\/users\/1"}],"replies":[{"embeddable":true,"href":"https:\/\/santpedor.net\/radio\/wp-json\/wp\/v2\/comments?post=106"}],"version-history":[{"count":0,"href":"https:\/\/santpedor.net\/radio\/wp-json\/wp\/v2\/pages\/106\/revisions"}],"wp:attachment":[{"href":"https:\/\/santpedor.net\/radio\/wp-json\/wp\/v2\/media?parent=106"}],"curies":[{"name":"wp","href":"https:\/\/api.w.org\/{rel}","templated":true}]}}