{"id":12769,"date":"2021-02-03T21:28:54","date_gmt":"2021-02-03T20:28:54","guid":{"rendered":"https:\/\/santpedor.net\/radio\/?page_id=12769"},"modified":"2021-02-03T21:43:08","modified_gmt":"2021-02-03T20:43:08","slug":"vull-fer-un-programa-de-radio","status":"publish","type":"page","link":"https:\/\/santpedor.net\/radio\/vull-fer-un-programa-de-radio\/","title":{"rendered":"Vull fer un programa de r\u00e0dio"},"content":{"rendered":"<p>Teniu una idea per un programa? Heu fet programa anteriorment i el voleu recuperar? Si alguna d&#8217;aquestes preguntes t\u00e9 una resposta afirmativa ompliu el seg\u00fcent q\u00fcestionari:<\/p>\n<p><iframe loading=\"lazy\" src=\"https:\/\/docs.google.com\/forms\/d\/e\/1FAIpQLSddBM0s10V1FG1KWriLM2RmlIbg3l4f82YuOC8RUlgLrsEoiQ\/viewform?embedded=true\" width=\"640\" height=\"2500\" frameborder=\"0\" marginheight=\"0\" marginwidth=\"0\">S&#39;est\u00e0 carregant\u2026<\/iframe><\/p>\n","protected":false},"excerpt":{"rendered":"<p>Teniu una idea per un programa? Heu fet programa anteriorment i el voleu recuperar? Si alguna d&#8217;aquestes preguntes t\u00e9 una resposta afirmativa ompliu el seg\u00fcent q\u00fcestionari: S&#39;est\u00e0 carregant\u2026<\/p>\n","protected":false},"author":1,"featured_media":0,"parent":0,"menu_order":0,"comment_status":"closed","ping_status":"closed","template":"","meta":{"footnotes":""},"class_list":["post-12769","page","type-page","status-publish"],"_links":{"self":[{"href":"https:\/\/santpedor.net\/radio\/wp-json\/wp\/v2\/pages\/12769","targetHints":{"allow":["GET"]}}],"collection":[{"href":"https:\/\/santpedor.net\/radio\/wp-json\/wp\/v2\/pages"}],"about":[{"href":"https:\/\/santpedor.net\/radio\/wp-json\/wp\/v2\/types\/page"}],"author":[{"embeddable":true,"href":"https:\/\/santpedor.net\/radio\/wp-json\/wp\/v2\/users\/1"}],"replies":[{"embeddable":true,"href":"https:\/\/santpedor.net\/radio\/wp-json\/wp\/v2\/comments?post=12769"}],"version-history":[{"count":0,"href":"https:\/\/santpedor.net\/radio\/wp-json\/wp\/v2\/pages\/12769\/revisions"}],"wp:attachment":[{"href":"https:\/\/santpedor.net\/radio\/wp-json\/wp\/v2\/media?parent=12769"}],"curies":[{"name":"wp","href":"https:\/\/api.w.org\/{rel}","templated":true}]}}