{"id":1634,"date":"2014-06-18T18:48:38","date_gmt":"2014-06-18T16:48:38","guid":{"rendered":"http:\/\/santpedor.net\/wp\/?page_id=1634"},"modified":"2021-02-04T07:54:01","modified_gmt":"2021-02-04T06:54:01","slug":"formulari-de-contacte","status":"publish","type":"page","link":"https:\/\/santpedor.net\/radio\/formulari-de-contacte\/","title":{"rendered":"On som?"},"content":{"rendered":"<p><iframe loading=\"lazy\" src=\"https:\/\/www.google.com\/maps\/embed?pb=!1m18!1m12!1m3!1d5950.525496496552!2d1.8319084779865822!3d41.77955076757473!2m3!1f0!2f0!3f0!3m2!1i1024!2i768!4f13.1!3m3!1m2!1s0x0%3A0x718d1fc25152dd15!2sLa%20Nau!5e0!3m2!1sca!2ses!4v1612421574074!5m2!1sca!2ses\" width=\"600\" height=\"450\" frameborder=\"0\" style=\"border:0;\" allowfullscreen=\"\" aria-hidden=\"false\" tabindex=\"0\"><\/iframe><\/p>\n<h2>Contacta&#8217;ns<\/h2>\n<style>\n#botors {\n  font: 20px FontAwesome;\n  color: #ffffff;\n  background: #FF2828;\n  text-decoration: none;\n  padding:15px;\n  vertical-align:middle;\n  text-align:center;\n  display:block;\n}\n#botors:hover {\n  background: #3cb0fd;\n  background-image: linear-gradient(to bottom, #3cb0fd, #3498db);\n  text-decoration: none;\n}\n.botors_bulb:before      { content: \"\\f0eb\"; }\n.botors_heart:before     { content: \"\\f004\"; }\n.botors_plus:before      { content: \"\\f055\"; }\n.botors_rss:before       { content: \"\\f09e\"; }\n.botors_calendar:before  { content: \"\\f073\"; }\n.botors_info:before      { content: \"\\f05a\"; }<\/p>\n<p>#taulars td { border:0px none; }\n#taulars td { border-width:1px 0 1px 0; }\n#taulars td:first-child { height:65px; width:60px; }\n<\/style>\n<table id=\"taulars\">\n<tr>\n<td><a href=\"https:\/\/santpedor.net\/radio\/vull-fer-un-programa-de-radio\/\" id=\"botors\" class=\"botors_bulb\"><\/a><\/td>\n<td>Vull fer un programa de r\u00e0dio<\/td>\n<\/tr>\n<tr>\n<td><a href=\"https:\/\/santpedor.net\/radio\/vull-collaborar-amb-la-radio\/\" id=\"botors\" class=\"botors_heart\"><\/a><\/td>\n<td>Vull col\u00b7laborar amb la r\u00e0dio<\/td>\n<\/tr>\n<tr>\n<td><a href=\"https:\/\/santpedor.net\/radio\/vull-portar-el-meu-programa-de-radio\/\" id=\"botors\" class=\"botors_plus\"><\/a><\/td>\n<td>Vull portar el meu programa a la r\u00e0dio<\/td>\n<\/tr>\n<tr>\n<td><a href=\"https:\/\/santpedor.net\/radio\/vull-informar-duna-noticia\/\" id=\"botors\" class=\"botors_rss\"><\/a><\/td>\n<td>Vull informar d&#8217;una not\u00edcia<\/td>\n<\/tr>\n<tr>\n<td><a href=\"https:\/\/santpedor.net\/radio\/vull-informar-dun-acte-o-esdeveniment\/\" id=\"botors\" class=\"botors_calendar\"><\/a><\/td>\n<td>Vull informar d&#8217;una activitat o esdeveniment<\/td>\n<\/tr>\n<tr>\n<td><a href=\"https:\/\/santpedor.net\/radio\/formulari-de-contacte-2\/\" id=\"botors\" class=\"botors_info\"><\/a><\/td>\n<td>Vull contactar-vos per una altra q\u00fcesti\u00f3<\/td>\n<\/tr>\n<\/table>\n","protected":false},"excerpt":{"rendered":"<p>Contacta&#8217;ns Vull fer un programa de r\u00e0dio Vull col\u00b7laborar amb la r\u00e0dio Vull portar el meu programa a la r\u00e0dio Vull informar d&#8217;una not\u00edcia Vull informar d&#8217;una activitat o esdeveniment Vull contactar-vos per una altra q\u00fcesti\u00f3<\/p>\n","protected":false},"author":1,"featured_media":0,"parent":0,"menu_order":0,"comment_status":"open","ping_status":"open","template":"","meta":{"footnotes":""},"class_list":["post-1634","page","type-page","status-publish"],"_links":{"self":[{"href":"https:\/\/santpedor.net\/radio\/wp-json\/wp\/v2\/pages\/1634","targetHints":{"allow":["GET"]}}],"collection":[{"href":"https:\/\/santpedor.net\/radio\/wp-json\/wp\/v2\/pages"}],"about":[{"href":"https:\/\/santpedor.net\/radio\/wp-json\/wp\/v2\/types\/page"}],"author":[{"embeddable":true,"href":"https:\/\/santpedor.net\/radio\/wp-json\/wp\/v2\/users\/1"}],"replies":[{"embeddable":true,"href":"https:\/\/santpedor.net\/radio\/wp-json\/wp\/v2\/comments?post=1634"}],"version-history":[{"count":0,"href":"https:\/\/santpedor.net\/radio\/wp-json\/wp\/v2\/pages\/1634\/revisions"}],"wp:attachment":[{"href":"https:\/\/santpedor.net\/radio\/wp-json\/wp\/v2\/media?parent=1634"}],"curies":[{"name":"wp","href":"https:\/\/api.w.org\/{rel}","templated":true}]}}