{"id":4159,"date":"2016-02-13T23:00:17","date_gmt":"2016-02-13T22:00:17","guid":{"rendered":"http:\/\/santpedor.net\/wp\/?page_id=4159"},"modified":"2019-04-24T15:14:10","modified_gmt":"2019-04-24T13:14:10","slug":"joan-brugues","status":"publish","type":"page","link":"https:\/\/santpedor.net\/radio\/joan-brugues\/","title":{"rendered":"Joan Brugu\u00e9s"},"content":{"rendered":"<table id=\"perfil_personal\">\n<tr>\n<td><img decoding=\"async\" src=\"https:\/\/santpedor.net\/img\/programa_perfil_joan_brugues.jpg\" alt=\"Joan Brugu\u00e9s\" \/><\/td>\n<td>Joan Brugu\u00e9s comen\u00e7a una primera etapa a R\u00e0dio l&#8217;Escala en la seva etapa fundacional el 1983 fins el 1987 com a responsable d&#8217;informatius. Espor\u00e0dicament fa alguna col\u00b7laboraci\u00f3 els anys 90 i torna el 2005 fins a l&#8217;actualitat, col\u00b7laborant primer i dirigint a partir del 2011 el magazin &#8220;El m\u00e9s calent a l&#8217;aig\u00fcera&#8221; i a partir del 2008 creant el programa &#8220;Sons a Cau d&#8217;Orella&#8221;. L&#8217;any 2012 comen\u00e7a la seva col\u00b7laboraci\u00f3 amb R\u00e0dio Santpedor emetent el programa &#8220;Sons a Cau d&#8217;Orella&#8221;.<br \/><a class=\"fa-globe\" href=\"?page_id=4048\"><\/a><a class=\"programa_web\" href=\"sons-a-cau-dorella\">Sons a Cau d&#8217;Orella<\/a><\/td>\n<\/tr>\n<\/table>\n","protected":false},"excerpt":{"rendered":"<p>Joan Brugu\u00e9s comen\u00e7a una primera etapa a R\u00e0dio l&#8217;Escala en la seva etapa fundacional el 1983 fins el 1987 com a responsable d&#8217;informatius. Espor\u00e0dicament fa alguna col\u00b7laboraci\u00f3 els anys 90 i torna el 2005 fins a l&#8217;actualitat, col\u00b7laborant primer i dirigint a partir del 2011 el magazin &#8220;El m\u00e9s calent a l&#8217;aig\u00fcera&#8221; i a partir [&hellip;]<\/p>\n","protected":false},"author":1,"featured_media":0,"parent":0,"menu_order":0,"comment_status":"closed","ping_status":"closed","template":"","meta":{"footnotes":""},"class_list":["post-4159","page","type-page","status-publish"],"_links":{"self":[{"href":"https:\/\/santpedor.net\/radio\/wp-json\/wp\/v2\/pages\/4159","targetHints":{"allow":["GET"]}}],"collection":[{"href":"https:\/\/santpedor.net\/radio\/wp-json\/wp\/v2\/pages"}],"about":[{"href":"https:\/\/santpedor.net\/radio\/wp-json\/wp\/v2\/types\/page"}],"author":[{"embeddable":true,"href":"https:\/\/santpedor.net\/radio\/wp-json\/wp\/v2\/users\/1"}],"replies":[{"embeddable":true,"href":"https:\/\/santpedor.net\/radio\/wp-json\/wp\/v2\/comments?post=4159"}],"version-history":[{"count":0,"href":"https:\/\/santpedor.net\/radio\/wp-json\/wp\/v2\/pages\/4159\/revisions"}],"wp:attachment":[{"href":"https:\/\/santpedor.net\/radio\/wp-json\/wp\/v2\/media?parent=4159"}],"curies":[{"name":"wp","href":"https:\/\/api.w.org\/{rel}","templated":true}]}}