{"id":4161,"date":"2016-02-14T19:44:34","date_gmt":"2016-02-14T18:44:34","guid":{"rendered":"http:\/\/santpedor.net\/wp\/?page_id=4161"},"modified":"2019-04-24T15:27:02","modified_gmt":"2019-04-24T13:27:02","slug":"moises-bruch","status":"publish","type":"page","link":"https:\/\/santpedor.net\/radio\/moises-bruch\/","title":{"rendered":"Mois\u00e8s Bruch"},"content":{"rendered":"<table id=\"perfil_personal\">\n<tr>\n<td><img decoding=\"async\" src=\"https:\/\/santpedor.net\/img\/programa_perfil_moises_bruch.jpg\" alt=\"Mois\u00e8s Bruch\" \/><\/td>\n<td>El Mois\u00e8s va comen\u00e7ar a fer r\u00e0dio a R\u00e0dio Manresa amb el Pep Tort, amb el programa &#8220;A Cau D&#8217;orella&#8221;. Despr\u00e9s va passar per diferents emissores, &#8220;R\u00e0dio Ciutat de Manresa&#8221; que esdevingu\u00e9 Flaix Ciutat de Manresa. Var estar unes temporades a R\u00e0dio Barber\u00e0, ja fent el programa La Moixiganga i des del 2006 fins l&#8217;actualitat col\u00b7labora a R\u00e0dio Sant Quirze fent la Moixiganga, on el 2015 va rebre, juntament amb tot l&#8217;equip de Circ petit, una menci\u00f3 d&#8217;honor al millor programa local als premis R\u00e0dio Associaci\u00f3 de Catalunya, pel R\u00e0dio Teatre Circ Petit. Durant els estius dels 2013 i 2014 col\u00b7labora amb el programa &#8220;el millor de l&#8217;estiu&#8221; de R\u00e0dio 4. L&#8217;any 2010 comen\u00e7a la seva col\u00b7laboraci\u00f3 amb R\u00e0dio Santpedor amb el programa &#8220;La Moixiganga&#8221;, que s&#8217;emet els diumenges a les 20h.<br \/><a class=\"fa-facebook\" href=\"https:\/\/www.facebook.com\/radiosantpedor\"><\/a><a class=\"fa-twitter\" href=\"https:\/\/twitter.com\/rsantpedor\"><\/a><a class=\"fa-globe\" href=\"http:\/\/www.lamoixiganga.cat\"><\/a><a class=\"programa_web\" href=\"la-moixiganga\">La Moixiganga<\/a><\/td>\n<\/tr>\n<\/table>\n","protected":false},"excerpt":{"rendered":"<p>El Mois\u00e8s va comen\u00e7ar a fer r\u00e0dio a R\u00e0dio Manresa amb el Pep Tort, amb el programa &#8220;A Cau D&#8217;orella&#8221;. Despr\u00e9s va passar per diferents emissores, &#8220;R\u00e0dio Ciutat de Manresa&#8221; que esdevingu\u00e9 Flaix Ciutat de Manresa. Var estar unes temporades a R\u00e0dio Barber\u00e0, ja fent el programa La Moixiganga i des del 2006 fins l&#8217;actualitat [&hellip;]<\/p>\n","protected":false},"author":1,"featured_media":0,"parent":0,"menu_order":0,"comment_status":"closed","ping_status":"closed","template":"","meta":{"footnotes":""},"class_list":["post-4161","page","type-page","status-publish"],"_links":{"self":[{"href":"https:\/\/santpedor.net\/radio\/wp-json\/wp\/v2\/pages\/4161","targetHints":{"allow":["GET"]}}],"collection":[{"href":"https:\/\/santpedor.net\/radio\/wp-json\/wp\/v2\/pages"}],"about":[{"href":"https:\/\/santpedor.net\/radio\/wp-json\/wp\/v2\/types\/page"}],"author":[{"embeddable":true,"href":"https:\/\/santpedor.net\/radio\/wp-json\/wp\/v2\/users\/1"}],"replies":[{"embeddable":true,"href":"https:\/\/santpedor.net\/radio\/wp-json\/wp\/v2\/comments?post=4161"}],"version-history":[{"count":0,"href":"https:\/\/santpedor.net\/radio\/wp-json\/wp\/v2\/pages\/4161\/revisions"}],"wp:attachment":[{"href":"https:\/\/santpedor.net\/radio\/wp-json\/wp\/v2\/media?parent=4161"}],"curies":[{"name":"wp","href":"https:\/\/api.w.org\/{rel}","templated":true}]}}